{"id":8814,"date":"2021-12-04T15:30:22","date_gmt":"2021-12-04T14:30:22","guid":{"rendered":"https:\/\/www.respace.it\/?post_type=product&#038;p=8814"},"modified":"2025-05-07T14:59:40","modified_gmt":"2025-05-07T12:59:40","slug":"brera","status":"publish","type":"product","link":"https:\/\/www.respace.it\/it\/shop\/divani\/brera\/","title":{"rendered":"Brera"},"content":{"rendered":"<h3>BRERA<\/h3>\n<p style=\"text-align: justify;\">Brera \u00e8 un divano letto che pu\u00f2 essere arricchito diventando una composizione anche molto grande.<\/p>\n<p style=\"text-align: justify;\">Ogni elemento si sviluppa in un letto, o in un grande pouf, uno spazio dove si pu\u00f2 decidere come riposare, seduti o sdraiati come meglio vi aggrada.<\/p>\n<p style=\"text-align: justify;\">Un semplice gesto e il gioco \u00e8 fatto, sotto \u00e8 stato ricavato uno spazio porta cuscino o porta plaid.<\/p>\n<p>&nbsp;<\/p>\n<p><a href=\"https:\/\/www.respace.it\/wp-content\/uploads\/2025\/05\/BRERA-v025.pdf\" target=\"_blank\" rel=\"noopener\">DOWNLOAD INFORMAZIONI TECNICHE (PDF)<\/a><\/p>\n","protected":false},"excerpt":{"rendered":"<p>BRERA Brera \u00e8 un divano letto che pu\u00f2 essere arricchito diventando una composizione anche molto grande. Ogni elemento si sviluppa in un letto, o in un grande pouf, uno spazio dove si pu\u00f2 decidere come riposare, seduti o sdraiati come meglio vi aggrada. Un semplice gesto e il gioco \u00e8 fatto, sotto \u00e8 stato ricavato [&hellip;]<\/p>\n","protected":false},"featured_media":8816,"template":"","meta":{"_joinchat":[]},"product_cat":[50,62],"product_tag":[],"yoast_head":"<!-- This site is optimized with the Yoast SEO plugin v23.0 - https:\/\/yoast.com\/wordpress\/plugins\/seo\/ -->\n<title>Brera | Divani &amp; Divani Componibili, Divani Letto | - Respace<\/title>\n<meta name=\"description\" content=\"Brera \u00e8 un divano letto che pu\u00f2 essere arricchito diventando una composizione anche molto grande. Ogni elemento si sviluppa in un letto, o in un grande pouf,\" \/>\n<meta name=\"robots\" content=\"index, follow, max-snippet:-1, max-image-preview:large, max-video-preview:-1\" \/>\n<link rel=\"canonical\" href=\"https:\/\/www.respace.it\/it\/shop\/divani\/brera\/\" \/>\n<meta property=\"og:locale\" content=\"it_IT\" \/>\n<meta property=\"og:type\" content=\"article\" \/>\n<meta property=\"og:title\" content=\"Brera | Divani &amp; Divani Componibili, Divani Letto | - Respace\" \/>\n<meta property=\"og:description\" content=\"Brera \u00e8 un divano letto che pu\u00f2 essere arricchito diventando una composizione anche molto grande. Ogni elemento si sviluppa in un letto, o in un grande pouf,\" \/>\n<meta property=\"og:url\" content=\"https:\/\/www.respace.it\/it\/shop\/divani\/brera\/\" \/>\n<meta property=\"og:site_name\" content=\"Respace\" \/>\n<meta property=\"article:modified_time\" content=\"2025-05-07T12:59:40+00:00\" \/>\n<meta property=\"og:image\" content=\"https:\/\/www.respace.it\/wp-content\/uploads\/2024\/09\/BRERA-Divano-1000x1000px.jpg\" \/>\n\t<meta property=\"og:image:width\" content=\"1000\" \/>\n\t<meta property=\"og:image:height\" content=\"1000\" \/>\n\t<meta property=\"og:image:type\" content=\"image\/jpeg\" \/>\n<meta name=\"twitter:card\" content=\"summary_large_image\" \/>\n<meta name=\"twitter:label1\" content=\"Tempo di lettura stimato\" \/>\n\t<meta name=\"twitter:data1\" content=\"1 minuto\" \/>\n<script type=\"application\/ld+json\" class=\"yoast-schema-graph\">{\"@context\":\"https:\/\/schema.org\",\"@graph\":[{\"@type\":\"WebPage\",\"@id\":\"https:\/\/www.respace.it\/it\/shop\/divani\/brera\/\",\"url\":\"https:\/\/www.respace.it\/it\/shop\/divani\/brera\/\",\"name\":\"Brera | Divani &amp; Divani Componibili, Divani Letto | - Respace\",\"isPartOf\":{\"@id\":\"https:\/\/www.respace.it\/#website\"},\"primaryImageOfPage\":{\"@id\":\"https:\/\/www.respace.it\/it\/shop\/divani\/brera\/#primaryimage\"},\"image\":{\"@id\":\"https:\/\/www.respace.it\/it\/shop\/divani\/brera\/#primaryimage\"},\"thumbnailUrl\":\"https:\/\/www.respace.it\/wp-content\/uploads\/2024\/09\/BRERA-Divano-1000x1000px.jpg\",\"datePublished\":\"2021-12-04T14:30:22+00:00\",\"dateModified\":\"2025-05-07T12:59:40+00:00\",\"description\":\"Brera \u00e8 un divano letto che pu\u00f2 essere arricchito diventando una composizione anche molto grande. Ogni elemento si sviluppa in un letto, o in un grande pouf,\",\"breadcrumb\":{\"@id\":\"https:\/\/www.respace.it\/it\/shop\/divani\/brera\/#breadcrumb\"},\"inLanguage\":\"it-IT\",\"potentialAction\":[{\"@type\":\"ReadAction\",\"target\":[\"https:\/\/www.respace.it\/it\/shop\/divani\/brera\/\"]}]},{\"@type\":\"ImageObject\",\"inLanguage\":\"it-IT\",\"@id\":\"https:\/\/www.respace.it\/it\/shop\/divani\/brera\/#primaryimage\",\"url\":\"https:\/\/www.respace.it\/wp-content\/uploads\/2024\/09\/BRERA-Divano-1000x1000px.jpg\",\"contentUrl\":\"https:\/\/www.respace.it\/wp-content\/uploads\/2024\/09\/BRERA-Divano-1000x1000px.jpg\",\"width\":1000,\"height\":1000},{\"@type\":\"BreadcrumbList\",\"@id\":\"https:\/\/www.respace.it\/it\/shop\/divani\/brera\/#breadcrumb\",\"itemListElement\":[{\"@type\":\"ListItem\",\"position\":1,\"name\":\"Home\",\"item\":\"https:\/\/www.respace.it\/it\/\"},{\"@type\":\"ListItem\",\"position\":2,\"name\":\"Negozio\",\"item\":\"https:\/\/www.respace.it\/it\/negozio\/\"},{\"@type\":\"ListItem\",\"position\":3,\"name\":\"Brera\"}]},{\"@type\":\"WebSite\",\"@id\":\"https:\/\/www.respace.it\/#website\",\"url\":\"https:\/\/www.respace.it\/\",\"name\":\"REspace\",\"description\":\"L\u2019innovazione del componibile\",\"publisher\":{\"@id\":\"https:\/\/www.respace.it\/#organization\"},\"potentialAction\":[{\"@type\":\"SearchAction\",\"target\":{\"@type\":\"EntryPoint\",\"urlTemplate\":\"https:\/\/www.respace.it\/?s={search_term_string}\"},\"query-input\":\"required name=search_term_string\"}],\"inLanguage\":\"it-IT\"},{\"@type\":\"Organization\",\"@id\":\"https:\/\/www.respace.it\/#organization\",\"name\":\"REspace\",\"url\":\"https:\/\/www.respace.it\/\",\"logo\":{\"@type\":\"ImageObject\",\"inLanguage\":\"it-IT\",\"@id\":\"https:\/\/www.respace.it\/#\/schema\/logo\/image\/\",\"url\":\"https:\/\/www.respace.it\/wp-content\/uploads\/2015\/05\/cropped-REspace_LOGO.png\",\"contentUrl\":\"https:\/\/www.respace.it\/wp-content\/uploads\/2015\/05\/cropped-REspace_LOGO.png\",\"width\":766,\"height\":185,\"caption\":\"REspace\"},\"image\":{\"@id\":\"https:\/\/www.respace.it\/#\/schema\/logo\/image\/\"}}]}<\/script>\n<!-- \/ Yoast SEO plugin. -->","yoast_head_json":{"title":"Brera | Divani &amp; Divani Componibili, Divani Letto | - Respace","description":"Brera \u00e8 un divano letto che pu\u00f2 essere arricchito diventando una composizione anche molto grande. Ogni elemento si sviluppa in un letto, o in un grande pouf,","robots":{"index":"index","follow":"follow","max-snippet":"max-snippet:-1","max-image-preview":"max-image-preview:large","max-video-preview":"max-video-preview:-1"},"canonical":"https:\/\/www.respace.it\/it\/shop\/divani\/brera\/","og_locale":"it_IT","og_type":"article","og_title":"Brera | Divani &amp; Divani Componibili, Divani Letto | - Respace","og_description":"Brera \u00e8 un divano letto che pu\u00f2 essere arricchito diventando una composizione anche molto grande. Ogni elemento si sviluppa in un letto, o in un grande pouf,","og_url":"https:\/\/www.respace.it\/it\/shop\/divani\/brera\/","og_site_name":"Respace","article_modified_time":"2025-05-07T12:59:40+00:00","og_image":[{"width":1000,"height":1000,"url":"https:\/\/www.respace.it\/wp-content\/uploads\/2024\/09\/BRERA-Divano-1000x1000px.jpg","type":"image\/jpeg"}],"twitter_card":"summary_large_image","twitter_misc":{"Tempo di lettura stimato":"1 minuto"},"schema":{"@context":"https:\/\/schema.org","@graph":[{"@type":"WebPage","@id":"https:\/\/www.respace.it\/it\/shop\/divani\/brera\/","url":"https:\/\/www.respace.it\/it\/shop\/divani\/brera\/","name":"Brera | Divani &amp; Divani Componibili, Divani Letto | - Respace","isPartOf":{"@id":"https:\/\/www.respace.it\/#website"},"primaryImageOfPage":{"@id":"https:\/\/www.respace.it\/it\/shop\/divani\/brera\/#primaryimage"},"image":{"@id":"https:\/\/www.respace.it\/it\/shop\/divani\/brera\/#primaryimage"},"thumbnailUrl":"https:\/\/www.respace.it\/wp-content\/uploads\/2024\/09\/BRERA-Divano-1000x1000px.jpg","datePublished":"2021-12-04T14:30:22+00:00","dateModified":"2025-05-07T12:59:40+00:00","description":"Brera \u00e8 un divano letto che pu\u00f2 essere arricchito diventando una composizione anche molto grande. Ogni elemento si sviluppa in un letto, o in un grande pouf,","breadcrumb":{"@id":"https:\/\/www.respace.it\/it\/shop\/divani\/brera\/#breadcrumb"},"inLanguage":"it-IT","potentialAction":[{"@type":"ReadAction","target":["https:\/\/www.respace.it\/it\/shop\/divani\/brera\/"]}]},{"@type":"ImageObject","inLanguage":"it-IT","@id":"https:\/\/www.respace.it\/it\/shop\/divani\/brera\/#primaryimage","url":"https:\/\/www.respace.it\/wp-content\/uploads\/2024\/09\/BRERA-Divano-1000x1000px.jpg","contentUrl":"https:\/\/www.respace.it\/wp-content\/uploads\/2024\/09\/BRERA-Divano-1000x1000px.jpg","width":1000,"height":1000},{"@type":"BreadcrumbList","@id":"https:\/\/www.respace.it\/it\/shop\/divani\/brera\/#breadcrumb","itemListElement":[{"@type":"ListItem","position":1,"name":"Home","item":"https:\/\/www.respace.it\/it\/"},{"@type":"ListItem","position":2,"name":"Negozio","item":"https:\/\/www.respace.it\/it\/negozio\/"},{"@type":"ListItem","position":3,"name":"Brera"}]},{"@type":"WebSite","@id":"https:\/\/www.respace.it\/#website","url":"https:\/\/www.respace.it\/","name":"REspace","description":"L\u2019innovazione del componibile","publisher":{"@id":"https:\/\/www.respace.it\/#organization"},"potentialAction":[{"@type":"SearchAction","target":{"@type":"EntryPoint","urlTemplate":"https:\/\/www.respace.it\/?s={search_term_string}"},"query-input":"required name=search_term_string"}],"inLanguage":"it-IT"},{"@type":"Organization","@id":"https:\/\/www.respace.it\/#organization","name":"REspace","url":"https:\/\/www.respace.it\/","logo":{"@type":"ImageObject","inLanguage":"it-IT","@id":"https:\/\/www.respace.it\/#\/schema\/logo\/image\/","url":"https:\/\/www.respace.it\/wp-content\/uploads\/2015\/05\/cropped-REspace_LOGO.png","contentUrl":"https:\/\/www.respace.it\/wp-content\/uploads\/2015\/05\/cropped-REspace_LOGO.png","width":766,"height":185,"caption":"REspace"},"image":{"@id":"https:\/\/www.respace.it\/#\/schema\/logo\/image\/"}}]}},"_links":{"self":[{"href":"https:\/\/www.respace.it\/it\/wp-json\/wp\/v2\/product\/8814"}],"collection":[{"href":"https:\/\/www.respace.it\/it\/wp-json\/wp\/v2\/product"}],"about":[{"href":"https:\/\/www.respace.it\/it\/wp-json\/wp\/v2\/types\/product"}],"wp:featuredmedia":[{"embeddable":true,"href":"https:\/\/www.respace.it\/it\/wp-json\/wp\/v2\/media\/8816"}],"wp:attachment":[{"href":"https:\/\/www.respace.it\/it\/wp-json\/wp\/v2\/media?parent=8814"}],"wp:term":[{"taxonomy":"product_cat","embeddable":true,"href":"https:\/\/www.respace.it\/it\/wp-json\/wp\/v2\/product_cat?post=8814"},{"taxonomy":"product_tag","embeddable":true,"href":"https:\/\/www.respace.it\/it\/wp-json\/wp\/v2\/product_tag?post=8814"}],"curies":[{"name":"wp","href":"https:\/\/api.w.org\/{rel}","templated":true}]}}