{"id":8392,"date":"2024-04-09T16:02:40","date_gmt":"2024-04-09T14:02:40","guid":{"rendered":"https:\/\/www.respace.it\/?post_type=product&#038;p=8392"},"modified":"2025-05-07T15:11:07","modified_gmt":"2025-05-07T13:11:07","slug":"re_out","status":"publish","type":"product","link":"https:\/\/www.respace.it\/it\/shop\/outdoor\/re_out\/","title":{"rendered":"RE_OUT"},"content":{"rendered":"<h3 class=\"loop-title\">RE_OUT<\/h3>\n<p style=\"text-align: justify;\">Divano outdoor a moduli da cm 80&#215;80 che formano poltrone, divani, composizioni angolari, pouf e tavolini. Gli elementi si possono collegare con ganci a \u201cU\u201d per ottenere la configurazione che pi\u00f9 piace e che l\u2019ambiente consente, formando anche grandi composizioni. Completa i moduli una chaise longue da cm 80&#215;140, la cui base rettangolare pu\u00f2 essere anche un grande pouf. Lo studio delle imbottiture ci ha fatto giungere ad un comfort davvero eccelso considerato che un prodotto da esterno comporta l\u2019utilizzo di materiali che devono anche avere una certa resistenza all\u2019acqua e alle muffe.<\/p>\n<p style=\"text-align: justify;\"><strong>Il telaio<\/strong> \u00e8 realizzato con un tubo quadrato in acciaio inox poi verniciato con trattamento outdoor. L\u2019acciaio inox \u00e8 un materiale molto resistente e sostenibile, la sua lunga durata fa s\u00ec che non debba essere sostituito riducendo cos\u00ec la quantit\u00e0 di rifiuti, e inoltre pu\u00f2 essere riciclato pi\u00f9 volte senza che perda le sue caratteristiche.<\/p>\n<p style=\"text-align: justify;\"><strong>Il tessuto<\/strong> che riveste le imbottiture \u00e8 un\u2019idromembrana impermeabile con una resistenza alla penetrazione dell\u2019acqua certificata, la parte inferiore dei cuscini di seduta e di schienale e anche dei cuscinetti decorativi, prevede una rete che consente la fuoriuscita dell\u2019acqua e il passaggio dell\u2019aria all\u2019interno del cuscino.<\/p>\n<p style=\"text-align: justify;\"><strong>La fibra<\/strong> di poliestere contenuta nelle imbottiture \u00e8 riciclabile al 100%.<\/p>\n<p style=\"text-align: justify;\">Il prodotto per raggiungere una maggiore tenuta all\u2019acqua ha come optional una copertura esterna termo saldata a cappuccio che lo ripara nei periodi di poco utilizzo o di esposizione alle intemperie.<\/p>\n<p style=\"text-align: justify;\"><strong>Le imbottiture<\/strong> sono prodotte con l\u2019applicazione di una tecnologia che si basa sulla capacit\u00e0 dei materiali utilizzati di drenare rapidamente l\u2019acqua e di consentire un veloce e consistente ricircolo d\u2019aria. In questo modo si evita il precoce deterioramento del prodotto e la comparsa di muffe.<\/p>\n<p>&nbsp;<\/p>\n<p><a href=\"https:\/\/www.respace.it\/wp-content\/uploads\/2025\/05\/REOUT-v025.pdf\" target=\"_blank\" rel=\"noopener\">DOWNLOAD INFORMAZIONI TECNICHE (PDF)<\/a><\/p>\n","protected":false},"excerpt":{"rendered":"<p>&nbsp;<\/p>\n<p>&nbsp;<\/p>\n","protected":false},"featured_media":8407,"template":"","meta":{"_joinchat":[]},"product_cat":[332],"product_tag":[],"yoast_head":"<!-- This site is optimized with the Yoast SEO plugin v23.0 - https:\/\/yoast.com\/wordpress\/plugins\/seo\/ -->\n<title>RE_OUT - Respace<\/title>\n<meta name=\"description\" content=\"Divano outdoor a moduli da cm 80x80 che formano poltrone, divani, composizioni angolari, pouf e tavolini. Si possono collegare con ganci a \u201cU\u201d\" \/>\n<meta name=\"robots\" content=\"index, follow, max-snippet:-1, max-image-preview:large, max-video-preview:-1\" \/>\n<link rel=\"canonical\" href=\"https:\/\/www.respace.it\/it\/shop\/outdoor\/re_out\/\" \/>\n<meta property=\"og:locale\" content=\"it_IT\" \/>\n<meta property=\"og:type\" content=\"article\" \/>\n<meta property=\"og:title\" content=\"RE_OUT - Respace\" \/>\n<meta property=\"og:description\" content=\"Divano outdoor a moduli da cm 80x80 che formano poltrone, divani, composizioni angolari, pouf e tavolini. Si possono collegare con ganci a \u201cU\u201d\" \/>\n<meta property=\"og:url\" content=\"https:\/\/www.respace.it\/it\/shop\/outdoor\/re_out\/\" \/>\n<meta property=\"og:site_name\" content=\"Respace\" \/>\n<meta property=\"article:modified_time\" content=\"2025-05-07T13:11:07+00:00\" \/>\n<meta property=\"og:image\" content=\"https:\/\/www.respace.it\/wp-content\/uploads\/2024\/04\/RE_OUT-Outdoor-1000x1000px.jpg\" \/>\n\t<meta property=\"og:image:width\" content=\"1000\" \/>\n\t<meta property=\"og:image:height\" content=\"1000\" \/>\n\t<meta property=\"og:image:type\" content=\"image\/jpeg\" \/>\n<meta name=\"twitter:card\" content=\"summary_large_image\" \/>\n<meta name=\"twitter:label1\" content=\"Tempo di lettura stimato\" \/>\n\t<meta name=\"twitter:data1\" content=\"2 minuti\" \/>\n<script type=\"application\/ld+json\" class=\"yoast-schema-graph\">{\"@context\":\"https:\/\/schema.org\",\"@graph\":[{\"@type\":\"WebPage\",\"@id\":\"https:\/\/www.respace.it\/it\/shop\/outdoor\/re_out\/\",\"url\":\"https:\/\/www.respace.it\/it\/shop\/outdoor\/re_out\/\",\"name\":\"RE_OUT - Respace\",\"isPartOf\":{\"@id\":\"https:\/\/www.respace.it\/#website\"},\"primaryImageOfPage\":{\"@id\":\"https:\/\/www.respace.it\/it\/shop\/outdoor\/re_out\/#primaryimage\"},\"image\":{\"@id\":\"https:\/\/www.respace.it\/it\/shop\/outdoor\/re_out\/#primaryimage\"},\"thumbnailUrl\":\"https:\/\/www.respace.it\/wp-content\/uploads\/2024\/04\/RE_OUT-Outdoor-1000x1000px.jpg\",\"datePublished\":\"2024-04-09T14:02:40+00:00\",\"dateModified\":\"2025-05-07T13:11:07+00:00\",\"description\":\"Divano outdoor a moduli da cm 80x80 che formano poltrone, divani, composizioni angolari, pouf e tavolini. Si possono collegare con ganci a \u201cU\u201d\",\"breadcrumb\":{\"@id\":\"https:\/\/www.respace.it\/it\/shop\/outdoor\/re_out\/#breadcrumb\"},\"inLanguage\":\"it-IT\",\"potentialAction\":[{\"@type\":\"ReadAction\",\"target\":[\"https:\/\/www.respace.it\/it\/shop\/outdoor\/re_out\/\"]}]},{\"@type\":\"ImageObject\",\"inLanguage\":\"it-IT\",\"@id\":\"https:\/\/www.respace.it\/it\/shop\/outdoor\/re_out\/#primaryimage\",\"url\":\"https:\/\/www.respace.it\/wp-content\/uploads\/2024\/04\/RE_OUT-Outdoor-1000x1000px.jpg\",\"contentUrl\":\"https:\/\/www.respace.it\/wp-content\/uploads\/2024\/04\/RE_OUT-Outdoor-1000x1000px.jpg\",\"width\":1000,\"height\":1000},{\"@type\":\"BreadcrumbList\",\"@id\":\"https:\/\/www.respace.it\/it\/shop\/outdoor\/re_out\/#breadcrumb\",\"itemListElement\":[{\"@type\":\"ListItem\",\"position\":1,\"name\":\"Home\",\"item\":\"https:\/\/www.respace.it\/it\/\"},{\"@type\":\"ListItem\",\"position\":2,\"name\":\"Negozio\",\"item\":\"https:\/\/www.respace.it\/it\/negozio\/\"},{\"@type\":\"ListItem\",\"position\":3,\"name\":\"RE_OUT\"}]},{\"@type\":\"WebSite\",\"@id\":\"https:\/\/www.respace.it\/#website\",\"url\":\"https:\/\/www.respace.it\/\",\"name\":\"REspace\",\"description\":\"L\u2019innovazione del componibile\",\"publisher\":{\"@id\":\"https:\/\/www.respace.it\/#organization\"},\"potentialAction\":[{\"@type\":\"SearchAction\",\"target\":{\"@type\":\"EntryPoint\",\"urlTemplate\":\"https:\/\/www.respace.it\/?s={search_term_string}\"},\"query-input\":\"required name=search_term_string\"}],\"inLanguage\":\"it-IT\"},{\"@type\":\"Organization\",\"@id\":\"https:\/\/www.respace.it\/#organization\",\"name\":\"REspace\",\"url\":\"https:\/\/www.respace.it\/\",\"logo\":{\"@type\":\"ImageObject\",\"inLanguage\":\"it-IT\",\"@id\":\"https:\/\/www.respace.it\/#\/schema\/logo\/image\/\",\"url\":\"https:\/\/www.respace.it\/wp-content\/uploads\/2015\/05\/cropped-REspace_LOGO.png\",\"contentUrl\":\"https:\/\/www.respace.it\/wp-content\/uploads\/2015\/05\/cropped-REspace_LOGO.png\",\"width\":766,\"height\":185,\"caption\":\"REspace\"},\"image\":{\"@id\":\"https:\/\/www.respace.it\/#\/schema\/logo\/image\/\"}}]}<\/script>\n<!-- \/ Yoast SEO plugin. -->","yoast_head_json":{"title":"RE_OUT - Respace","description":"Divano outdoor a moduli da cm 80x80 che formano poltrone, divani, composizioni angolari, pouf e tavolini. Si possono collegare con ganci a \u201cU\u201d","robots":{"index":"index","follow":"follow","max-snippet":"max-snippet:-1","max-image-preview":"max-image-preview:large","max-video-preview":"max-video-preview:-1"},"canonical":"https:\/\/www.respace.it\/it\/shop\/outdoor\/re_out\/","og_locale":"it_IT","og_type":"article","og_title":"RE_OUT - Respace","og_description":"Divano outdoor a moduli da cm 80x80 che formano poltrone, divani, composizioni angolari, pouf e tavolini. Si possono collegare con ganci a \u201cU\u201d","og_url":"https:\/\/www.respace.it\/it\/shop\/outdoor\/re_out\/","og_site_name":"Respace","article_modified_time":"2025-05-07T13:11:07+00:00","og_image":[{"width":1000,"height":1000,"url":"https:\/\/www.respace.it\/wp-content\/uploads\/2024\/04\/RE_OUT-Outdoor-1000x1000px.jpg","type":"image\/jpeg"}],"twitter_card":"summary_large_image","twitter_misc":{"Tempo di lettura stimato":"2 minuti"},"schema":{"@context":"https:\/\/schema.org","@graph":[{"@type":"WebPage","@id":"https:\/\/www.respace.it\/it\/shop\/outdoor\/re_out\/","url":"https:\/\/www.respace.it\/it\/shop\/outdoor\/re_out\/","name":"RE_OUT - Respace","isPartOf":{"@id":"https:\/\/www.respace.it\/#website"},"primaryImageOfPage":{"@id":"https:\/\/www.respace.it\/it\/shop\/outdoor\/re_out\/#primaryimage"},"image":{"@id":"https:\/\/www.respace.it\/it\/shop\/outdoor\/re_out\/#primaryimage"},"thumbnailUrl":"https:\/\/www.respace.it\/wp-content\/uploads\/2024\/04\/RE_OUT-Outdoor-1000x1000px.jpg","datePublished":"2024-04-09T14:02:40+00:00","dateModified":"2025-05-07T13:11:07+00:00","description":"Divano outdoor a moduli da cm 80x80 che formano poltrone, divani, composizioni angolari, pouf e tavolini. Si possono collegare con ganci a \u201cU\u201d","breadcrumb":{"@id":"https:\/\/www.respace.it\/it\/shop\/outdoor\/re_out\/#breadcrumb"},"inLanguage":"it-IT","potentialAction":[{"@type":"ReadAction","target":["https:\/\/www.respace.it\/it\/shop\/outdoor\/re_out\/"]}]},{"@type":"ImageObject","inLanguage":"it-IT","@id":"https:\/\/www.respace.it\/it\/shop\/outdoor\/re_out\/#primaryimage","url":"https:\/\/www.respace.it\/wp-content\/uploads\/2024\/04\/RE_OUT-Outdoor-1000x1000px.jpg","contentUrl":"https:\/\/www.respace.it\/wp-content\/uploads\/2024\/04\/RE_OUT-Outdoor-1000x1000px.jpg","width":1000,"height":1000},{"@type":"BreadcrumbList","@id":"https:\/\/www.respace.it\/it\/shop\/outdoor\/re_out\/#breadcrumb","itemListElement":[{"@type":"ListItem","position":1,"name":"Home","item":"https:\/\/www.respace.it\/it\/"},{"@type":"ListItem","position":2,"name":"Negozio","item":"https:\/\/www.respace.it\/it\/negozio\/"},{"@type":"ListItem","position":3,"name":"RE_OUT"}]},{"@type":"WebSite","@id":"https:\/\/www.respace.it\/#website","url":"https:\/\/www.respace.it\/","name":"REspace","description":"L\u2019innovazione del componibile","publisher":{"@id":"https:\/\/www.respace.it\/#organization"},"potentialAction":[{"@type":"SearchAction","target":{"@type":"EntryPoint","urlTemplate":"https:\/\/www.respace.it\/?s={search_term_string}"},"query-input":"required name=search_term_string"}],"inLanguage":"it-IT"},{"@type":"Organization","@id":"https:\/\/www.respace.it\/#organization","name":"REspace","url":"https:\/\/www.respace.it\/","logo":{"@type":"ImageObject","inLanguage":"it-IT","@id":"https:\/\/www.respace.it\/#\/schema\/logo\/image\/","url":"https:\/\/www.respace.it\/wp-content\/uploads\/2015\/05\/cropped-REspace_LOGO.png","contentUrl":"https:\/\/www.respace.it\/wp-content\/uploads\/2015\/05\/cropped-REspace_LOGO.png","width":766,"height":185,"caption":"REspace"},"image":{"@id":"https:\/\/www.respace.it\/#\/schema\/logo\/image\/"}}]}},"_links":{"self":[{"href":"https:\/\/www.respace.it\/it\/wp-json\/wp\/v2\/product\/8392"}],"collection":[{"href":"https:\/\/www.respace.it\/it\/wp-json\/wp\/v2\/product"}],"about":[{"href":"https:\/\/www.respace.it\/it\/wp-json\/wp\/v2\/types\/product"}],"wp:featuredmedia":[{"embeddable":true,"href":"https:\/\/www.respace.it\/it\/wp-json\/wp\/v2\/media\/8407"}],"wp:attachment":[{"href":"https:\/\/www.respace.it\/it\/wp-json\/wp\/v2\/media?parent=8392"}],"wp:term":[{"taxonomy":"product_cat","embeddable":true,"href":"https:\/\/www.respace.it\/it\/wp-json\/wp\/v2\/product_cat?post=8392"},{"taxonomy":"product_tag","embeddable":true,"href":"https:\/\/www.respace.it\/it\/wp-json\/wp\/v2\/product_tag?post=8392"}],"curies":[{"name":"wp","href":"https:\/\/api.w.org\/{rel}","templated":true}]}}