{"id":6081,"date":"2023-06-08T09:00:19","date_gmt":"2023-06-08T07:00:19","guid":{"rendered":"https:\/\/www.respace.it\/?post_type=product&#038;p=6081"},"modified":"2024-10-02T16:07:43","modified_gmt":"2024-10-02T14:07:43","slug":"sniper-dl","status":"publish","type":"product","link":"https:\/\/www.respace.it\/it\/shop\/divani-letto\/sniper-dl\/","title":{"rendered":"Sniper"},"content":{"rendered":"<h3>SNIPER DIVANO LETTO<\/h3>\n<p style=\"text-align: justify;\">Realizzato in versione divano letto e fisso, con elementi componibili per dare la possibilit\u00e0 di creare \u00a0composizioni fra elementi fissi e con letto, senza differenze estetiche fra loro. Prodotto sia con imbottitura in poliuretano ad alta densit\u00e0 che in piuma per un diverso comfort di seduta (Sniper Piuma) il piede standard \u00e8 rettangolare con finitura cromo o weng\u00e8.<\/p>\n<p>&nbsp;<\/p>\n<p><a href=\"https:\/\/www.respace.it\/wp-content\/uploads\/2024\/10\/SNIPER-v024-1.pdf\" target=\"_blank\" rel=\"noopener\">DOWNLOAD INFORMAZIONI TECNICHE (PDF)<\/a><\/p>\n","protected":false},"excerpt":{"rendered":"<p>SNIPER DIVANO LETTO Realizzato in versione divano letto e fisso, con elementi componibili per dare la possibilit\u00e0 di creare \u00a0composizioni fra elementi fissi e con letto, senza differenze estetiche fra loro. Prodotto sia con imbottitura in poliuretano ad alta densit\u00e0 che in piuma per un diverso comfort di seduta (Sniper Piuma) il piede standard \u00e8 [&hellip;]<\/p>\n","protected":false},"featured_media":6082,"template":"","meta":{"_joinchat":[]},"product_cat":[62],"product_tag":[],"yoast_head":"<!-- This site is optimized with the Yoast SEO plugin v23.0 - https:\/\/yoast.com\/wordpress\/plugins\/seo\/ -->\n<title>SNIPER<\/title>\n<meta name=\"robots\" content=\"index, follow, max-snippet:-1, max-image-preview:large, max-video-preview:-1\" \/>\n<link rel=\"canonical\" href=\"https:\/\/www.respace.it\/it\/shop\/divani-letto\/sniper-dl\/\" \/>\n<meta property=\"og:locale\" content=\"it_IT\" \/>\n<meta property=\"og:type\" content=\"article\" \/>\n<meta property=\"og:title\" content=\"SNIPER\" \/>\n<meta property=\"og:description\" content=\"SNIPER DIVANO LETTO Realizzato in versione divano letto e fisso, con elementi componibili per dare la possibilit\u00e0 di creare \u00a0composizioni fra elementi fissi e con letto, senza differenze estetiche fra loro. Prodotto sia con imbottitura in poliuretano ad alta densit\u00e0 che in piuma per un diverso comfort di seduta (Sniper Piuma) il piede standard \u00e8 [&hellip;]\" \/>\n<meta property=\"og:url\" content=\"https:\/\/www.respace.it\/it\/shop\/divani-letto\/sniper-dl\/\" \/>\n<meta property=\"og:site_name\" content=\"Respace\" \/>\n<meta property=\"article:modified_time\" content=\"2024-10-02T14:07:43+00:00\" \/>\n<meta property=\"og:image\" content=\"https:\/\/www.respace.it\/wp-content\/uploads\/2023\/08\/Sniper-Divanoletto-1000x1000px.jpg\" \/>\n\t<meta property=\"og:image:width\" content=\"1000\" \/>\n\t<meta property=\"og:image:height\" content=\"1000\" \/>\n\t<meta property=\"og:image:type\" content=\"image\/jpeg\" \/>\n<meta name=\"twitter:card\" content=\"summary_large_image\" \/>\n<meta name=\"twitter:label1\" content=\"Tempo di lettura stimato\" \/>\n\t<meta name=\"twitter:data1\" content=\"1 minuto\" \/>\n<script type=\"application\/ld+json\" class=\"yoast-schema-graph\">{\"@context\":\"https:\/\/schema.org\",\"@graph\":[{\"@type\":\"WebPage\",\"@id\":\"https:\/\/www.respace.it\/it\/shop\/divani-letto\/sniper-dl\/\",\"url\":\"https:\/\/www.respace.it\/it\/shop\/divani-letto\/sniper-dl\/\",\"name\":\"SNIPER\",\"isPartOf\":{\"@id\":\"https:\/\/www.respace.it\/#website\"},\"primaryImageOfPage\":{\"@id\":\"https:\/\/www.respace.it\/it\/shop\/divani-letto\/sniper-dl\/#primaryimage\"},\"image\":{\"@id\":\"https:\/\/www.respace.it\/it\/shop\/divani-letto\/sniper-dl\/#primaryimage\"},\"thumbnailUrl\":\"https:\/\/www.respace.it\/wp-content\/uploads\/2023\/08\/Sniper-Divanoletto-1000x1000px.jpg\",\"datePublished\":\"2023-06-08T07:00:19+00:00\",\"dateModified\":\"2024-10-02T14:07:43+00:00\",\"breadcrumb\":{\"@id\":\"https:\/\/www.respace.it\/it\/shop\/divani-letto\/sniper-dl\/#breadcrumb\"},\"inLanguage\":\"it-IT\",\"potentialAction\":[{\"@type\":\"ReadAction\",\"target\":[\"https:\/\/www.respace.it\/it\/shop\/divani-letto\/sniper-dl\/\"]}]},{\"@type\":\"ImageObject\",\"inLanguage\":\"it-IT\",\"@id\":\"https:\/\/www.respace.it\/it\/shop\/divani-letto\/sniper-dl\/#primaryimage\",\"url\":\"https:\/\/www.respace.it\/wp-content\/uploads\/2023\/08\/Sniper-Divanoletto-1000x1000px.jpg\",\"contentUrl\":\"https:\/\/www.respace.it\/wp-content\/uploads\/2023\/08\/Sniper-Divanoletto-1000x1000px.jpg\",\"width\":1000,\"height\":1000},{\"@type\":\"BreadcrumbList\",\"@id\":\"https:\/\/www.respace.it\/it\/shop\/divani-letto\/sniper-dl\/#breadcrumb\",\"itemListElement\":[{\"@type\":\"ListItem\",\"position\":1,\"name\":\"Home\",\"item\":\"https:\/\/www.respace.it\/it\/\"},{\"@type\":\"ListItem\",\"position\":2,\"name\":\"Negozio\",\"item\":\"https:\/\/www.respace.it\/it\/negozio\/\"},{\"@type\":\"ListItem\",\"position\":3,\"name\":\"Sniper\"}]},{\"@type\":\"WebSite\",\"@id\":\"https:\/\/www.respace.it\/#website\",\"url\":\"https:\/\/www.respace.it\/\",\"name\":\"REspace\",\"description\":\"L\u2019innovazione del componibile\",\"publisher\":{\"@id\":\"https:\/\/www.respace.it\/#organization\"},\"potentialAction\":[{\"@type\":\"SearchAction\",\"target\":{\"@type\":\"EntryPoint\",\"urlTemplate\":\"https:\/\/www.respace.it\/?s={search_term_string}\"},\"query-input\":\"required name=search_term_string\"}],\"inLanguage\":\"it-IT\"},{\"@type\":\"Organization\",\"@id\":\"https:\/\/www.respace.it\/#organization\",\"name\":\"REspace\",\"url\":\"https:\/\/www.respace.it\/\",\"logo\":{\"@type\":\"ImageObject\",\"inLanguage\":\"it-IT\",\"@id\":\"https:\/\/www.respace.it\/#\/schema\/logo\/image\/\",\"url\":\"https:\/\/www.respace.it\/wp-content\/uploads\/2015\/05\/cropped-REspace_LOGO.png\",\"contentUrl\":\"https:\/\/www.respace.it\/wp-content\/uploads\/2015\/05\/cropped-REspace_LOGO.png\",\"width\":766,\"height\":185,\"caption\":\"REspace\"},\"image\":{\"@id\":\"https:\/\/www.respace.it\/#\/schema\/logo\/image\/\"}}]}<\/script>\n<!-- \/ Yoast SEO plugin. -->","yoast_head_json":{"title":"SNIPER","robots":{"index":"index","follow":"follow","max-snippet":"max-snippet:-1","max-image-preview":"max-image-preview:large","max-video-preview":"max-video-preview:-1"},"canonical":"https:\/\/www.respace.it\/it\/shop\/divani-letto\/sniper-dl\/","og_locale":"it_IT","og_type":"article","og_title":"SNIPER","og_description":"SNIPER DIVANO LETTO Realizzato in versione divano letto e fisso, con elementi componibili per dare la possibilit\u00e0 di creare \u00a0composizioni fra elementi fissi e con letto, senza differenze estetiche fra loro. Prodotto sia con imbottitura in poliuretano ad alta densit\u00e0 che in piuma per un diverso comfort di seduta (Sniper Piuma) il piede standard \u00e8 [&hellip;]","og_url":"https:\/\/www.respace.it\/it\/shop\/divani-letto\/sniper-dl\/","og_site_name":"Respace","article_modified_time":"2024-10-02T14:07:43+00:00","og_image":[{"width":1000,"height":1000,"url":"https:\/\/www.respace.it\/wp-content\/uploads\/2023\/08\/Sniper-Divanoletto-1000x1000px.jpg","type":"image\/jpeg"}],"twitter_card":"summary_large_image","twitter_misc":{"Tempo di lettura stimato":"1 minuto"},"schema":{"@context":"https:\/\/schema.org","@graph":[{"@type":"WebPage","@id":"https:\/\/www.respace.it\/it\/shop\/divani-letto\/sniper-dl\/","url":"https:\/\/www.respace.it\/it\/shop\/divani-letto\/sniper-dl\/","name":"SNIPER","isPartOf":{"@id":"https:\/\/www.respace.it\/#website"},"primaryImageOfPage":{"@id":"https:\/\/www.respace.it\/it\/shop\/divani-letto\/sniper-dl\/#primaryimage"},"image":{"@id":"https:\/\/www.respace.it\/it\/shop\/divani-letto\/sniper-dl\/#primaryimage"},"thumbnailUrl":"https:\/\/www.respace.it\/wp-content\/uploads\/2023\/08\/Sniper-Divanoletto-1000x1000px.jpg","datePublished":"2023-06-08T07:00:19+00:00","dateModified":"2024-10-02T14:07:43+00:00","breadcrumb":{"@id":"https:\/\/www.respace.it\/it\/shop\/divani-letto\/sniper-dl\/#breadcrumb"},"inLanguage":"it-IT","potentialAction":[{"@type":"ReadAction","target":["https:\/\/www.respace.it\/it\/shop\/divani-letto\/sniper-dl\/"]}]},{"@type":"ImageObject","inLanguage":"it-IT","@id":"https:\/\/www.respace.it\/it\/shop\/divani-letto\/sniper-dl\/#primaryimage","url":"https:\/\/www.respace.it\/wp-content\/uploads\/2023\/08\/Sniper-Divanoletto-1000x1000px.jpg","contentUrl":"https:\/\/www.respace.it\/wp-content\/uploads\/2023\/08\/Sniper-Divanoletto-1000x1000px.jpg","width":1000,"height":1000},{"@type":"BreadcrumbList","@id":"https:\/\/www.respace.it\/it\/shop\/divani-letto\/sniper-dl\/#breadcrumb","itemListElement":[{"@type":"ListItem","position":1,"name":"Home","item":"https:\/\/www.respace.it\/it\/"},{"@type":"ListItem","position":2,"name":"Negozio","item":"https:\/\/www.respace.it\/it\/negozio\/"},{"@type":"ListItem","position":3,"name":"Sniper"}]},{"@type":"WebSite","@id":"https:\/\/www.respace.it\/#website","url":"https:\/\/www.respace.it\/","name":"REspace","description":"L\u2019innovazione del componibile","publisher":{"@id":"https:\/\/www.respace.it\/#organization"},"potentialAction":[{"@type":"SearchAction","target":{"@type":"EntryPoint","urlTemplate":"https:\/\/www.respace.it\/?s={search_term_string}"},"query-input":"required name=search_term_string"}],"inLanguage":"it-IT"},{"@type":"Organization","@id":"https:\/\/www.respace.it\/#organization","name":"REspace","url":"https:\/\/www.respace.it\/","logo":{"@type":"ImageObject","inLanguage":"it-IT","@id":"https:\/\/www.respace.it\/#\/schema\/logo\/image\/","url":"https:\/\/www.respace.it\/wp-content\/uploads\/2015\/05\/cropped-REspace_LOGO.png","contentUrl":"https:\/\/www.respace.it\/wp-content\/uploads\/2015\/05\/cropped-REspace_LOGO.png","width":766,"height":185,"caption":"REspace"},"image":{"@id":"https:\/\/www.respace.it\/#\/schema\/logo\/image\/"}}]}},"_links":{"self":[{"href":"https:\/\/www.respace.it\/it\/wp-json\/wp\/v2\/product\/6081"}],"collection":[{"href":"https:\/\/www.respace.it\/it\/wp-json\/wp\/v2\/product"}],"about":[{"href":"https:\/\/www.respace.it\/it\/wp-json\/wp\/v2\/types\/product"}],"wp:featuredmedia":[{"embeddable":true,"href":"https:\/\/www.respace.it\/it\/wp-json\/wp\/v2\/media\/6082"}],"wp:attachment":[{"href":"https:\/\/www.respace.it\/it\/wp-json\/wp\/v2\/media?parent=6081"}],"wp:term":[{"taxonomy":"product_cat","embeddable":true,"href":"https:\/\/www.respace.it\/it\/wp-json\/wp\/v2\/product_cat?post=6081"},{"taxonomy":"product_tag","embeddable":true,"href":"https:\/\/www.respace.it\/it\/wp-json\/wp\/v2\/product_tag?post=6081"}],"curies":[{"name":"wp","href":"https:\/\/api.w.org\/{rel}","templated":true}]}}