{"id":5315,"date":"2023-06-08T10:02:57","date_gmt":"2023-06-08T08:02:57","guid":{"rendered":"http:\/\/www.respace.it\/it\/product\/hurricane\/"},"modified":"2025-05-07T15:07:20","modified_gmt":"2025-05-07T13:07:20","slug":"hurricane","status":"publish","type":"product","link":"https:\/\/www.respace.it\/it\/shop\/letti-letti-contenitore\/hurricane\/","title":{"rendered":"Hurricane"},"content":{"rendered":"<h3 class=\"loop-title\">HURRICANE<\/h3>\n<p style=\"text-align: justify;\">Collezione di letti in due misure per materasso 160&#215;200 e 180&#215;200.<\/p>\n<p style=\"text-align: justify;\">La struttura completamente in ferro, di cui alcune parti a vista verniciate con finiture nichel, cromo e bronzo rende questo letto molto elegante ed estremamente minimal, perfetto anche per spazi piccoli perch\u00e9 la misura totale \u00e8 contenuta e risulta essere poco pi\u00f9 grande del materasso, realizzato con un piede alto 20 cm.<\/p>\n<p>&nbsp;<\/p>\n<p><a href=\"https:\/\/www.respace.it\/wp-content\/uploads\/2025\/05\/HURRICANE-letto-v025.pdf\" target=\"_blank\" rel=\"noopener\">DOWNLOAD INFORMAZIONI TECNICHE (PDF)<\/a><\/p>\n","protected":false},"excerpt":{"rendered":"<p>&nbsp;<\/p>\n<p>&nbsp;<\/p>\n","protected":false},"featured_media":5948,"template":"","meta":{"_joinchat":[]},"product_cat":[64],"product_tag":[],"yoast_head":"<!-- This site is optimized with the Yoast SEO plugin v23.0 - https:\/\/yoast.com\/wordpress\/plugins\/seo\/ -->\n<title>Hurricane - Respace<\/title>\n<meta name=\"robots\" content=\"index, follow, max-snippet:-1, max-image-preview:large, max-video-preview:-1\" \/>\n<link rel=\"canonical\" href=\"https:\/\/www.respace.it\/it\/shop\/letti-letti-contenitore\/hurricane\/\" \/>\n<meta property=\"og:locale\" content=\"it_IT\" \/>\n<meta property=\"og:type\" content=\"article\" \/>\n<meta property=\"og:title\" content=\"Hurricane - Respace\" \/>\n<meta property=\"og:description\" content=\"&nbsp;  &nbsp;\" \/>\n<meta property=\"og:url\" content=\"https:\/\/www.respace.it\/it\/shop\/letti-letti-contenitore\/hurricane\/\" \/>\n<meta property=\"og:site_name\" content=\"Respace\" \/>\n<meta property=\"article:modified_time\" content=\"2025-05-07T13:07:20+00:00\" \/>\n<meta property=\"og:image\" content=\"https:\/\/www.respace.it\/wp-content\/uploads\/2023\/06\/Hurricane-1000x1000px.jpg\" \/>\n\t<meta property=\"og:image:width\" content=\"1000\" \/>\n\t<meta property=\"og:image:height\" content=\"1000\" \/>\n\t<meta property=\"og:image:type\" content=\"image\/jpeg\" \/>\n<meta name=\"twitter:card\" content=\"summary_large_image\" \/>\n<meta name=\"twitter:label1\" content=\"Tempo di lettura stimato\" \/>\n\t<meta name=\"twitter:data1\" content=\"1 minuto\" \/>\n<script type=\"application\/ld+json\" class=\"yoast-schema-graph\">{\"@context\":\"https:\/\/schema.org\",\"@graph\":[{\"@type\":\"WebPage\",\"@id\":\"https:\/\/www.respace.it\/it\/shop\/letti-letti-contenitore\/hurricane\/\",\"url\":\"https:\/\/www.respace.it\/it\/shop\/letti-letti-contenitore\/hurricane\/\",\"name\":\"Hurricane - Respace\",\"isPartOf\":{\"@id\":\"https:\/\/www.respace.it\/#website\"},\"primaryImageOfPage\":{\"@id\":\"https:\/\/www.respace.it\/it\/shop\/letti-letti-contenitore\/hurricane\/#primaryimage\"},\"image\":{\"@id\":\"https:\/\/www.respace.it\/it\/shop\/letti-letti-contenitore\/hurricane\/#primaryimage\"},\"thumbnailUrl\":\"https:\/\/www.respace.it\/wp-content\/uploads\/2023\/06\/Hurricane-1000x1000px.jpg\",\"datePublished\":\"2023-06-08T08:02:57+00:00\",\"dateModified\":\"2025-05-07T13:07:20+00:00\",\"breadcrumb\":{\"@id\":\"https:\/\/www.respace.it\/it\/shop\/letti-letti-contenitore\/hurricane\/#breadcrumb\"},\"inLanguage\":\"it-IT\",\"potentialAction\":[{\"@type\":\"ReadAction\",\"target\":[\"https:\/\/www.respace.it\/it\/shop\/letti-letti-contenitore\/hurricane\/\"]}]},{\"@type\":\"ImageObject\",\"inLanguage\":\"it-IT\",\"@id\":\"https:\/\/www.respace.it\/it\/shop\/letti-letti-contenitore\/hurricane\/#primaryimage\",\"url\":\"https:\/\/www.respace.it\/wp-content\/uploads\/2023\/06\/Hurricane-1000x1000px.jpg\",\"contentUrl\":\"https:\/\/www.respace.it\/wp-content\/uploads\/2023\/06\/Hurricane-1000x1000px.jpg\",\"width\":1000,\"height\":1000},{\"@type\":\"BreadcrumbList\",\"@id\":\"https:\/\/www.respace.it\/it\/shop\/letti-letti-contenitore\/hurricane\/#breadcrumb\",\"itemListElement\":[{\"@type\":\"ListItem\",\"position\":1,\"name\":\"Home\",\"item\":\"https:\/\/www.respace.it\/it\/\"},{\"@type\":\"ListItem\",\"position\":2,\"name\":\"Negozio\",\"item\":\"https:\/\/www.respace.it\/it\/negozio\/\"},{\"@type\":\"ListItem\",\"position\":3,\"name\":\"Hurricane\"}]},{\"@type\":\"WebSite\",\"@id\":\"https:\/\/www.respace.it\/#website\",\"url\":\"https:\/\/www.respace.it\/\",\"name\":\"REspace\",\"description\":\"L\u2019innovazione del componibile\",\"publisher\":{\"@id\":\"https:\/\/www.respace.it\/#organization\"},\"potentialAction\":[{\"@type\":\"SearchAction\",\"target\":{\"@type\":\"EntryPoint\",\"urlTemplate\":\"https:\/\/www.respace.it\/?s={search_term_string}\"},\"query-input\":\"required name=search_term_string\"}],\"inLanguage\":\"it-IT\"},{\"@type\":\"Organization\",\"@id\":\"https:\/\/www.respace.it\/#organization\",\"name\":\"REspace\",\"url\":\"https:\/\/www.respace.it\/\",\"logo\":{\"@type\":\"ImageObject\",\"inLanguage\":\"it-IT\",\"@id\":\"https:\/\/www.respace.it\/#\/schema\/logo\/image\/\",\"url\":\"https:\/\/www.respace.it\/wp-content\/uploads\/2015\/05\/cropped-REspace_LOGO.png\",\"contentUrl\":\"https:\/\/www.respace.it\/wp-content\/uploads\/2015\/05\/cropped-REspace_LOGO.png\",\"width\":766,\"height\":185,\"caption\":\"REspace\"},\"image\":{\"@id\":\"https:\/\/www.respace.it\/#\/schema\/logo\/image\/\"}}]}<\/script>\n<!-- \/ Yoast SEO plugin. -->","yoast_head_json":{"title":"Hurricane - Respace","robots":{"index":"index","follow":"follow","max-snippet":"max-snippet:-1","max-image-preview":"max-image-preview:large","max-video-preview":"max-video-preview:-1"},"canonical":"https:\/\/www.respace.it\/it\/shop\/letti-letti-contenitore\/hurricane\/","og_locale":"it_IT","og_type":"article","og_title":"Hurricane - Respace","og_description":"&nbsp;  &nbsp;","og_url":"https:\/\/www.respace.it\/it\/shop\/letti-letti-contenitore\/hurricane\/","og_site_name":"Respace","article_modified_time":"2025-05-07T13:07:20+00:00","og_image":[{"width":1000,"height":1000,"url":"https:\/\/www.respace.it\/wp-content\/uploads\/2023\/06\/Hurricane-1000x1000px.jpg","type":"image\/jpeg"}],"twitter_card":"summary_large_image","twitter_misc":{"Tempo di lettura stimato":"1 minuto"},"schema":{"@context":"https:\/\/schema.org","@graph":[{"@type":"WebPage","@id":"https:\/\/www.respace.it\/it\/shop\/letti-letti-contenitore\/hurricane\/","url":"https:\/\/www.respace.it\/it\/shop\/letti-letti-contenitore\/hurricane\/","name":"Hurricane - Respace","isPartOf":{"@id":"https:\/\/www.respace.it\/#website"},"primaryImageOfPage":{"@id":"https:\/\/www.respace.it\/it\/shop\/letti-letti-contenitore\/hurricane\/#primaryimage"},"image":{"@id":"https:\/\/www.respace.it\/it\/shop\/letti-letti-contenitore\/hurricane\/#primaryimage"},"thumbnailUrl":"https:\/\/www.respace.it\/wp-content\/uploads\/2023\/06\/Hurricane-1000x1000px.jpg","datePublished":"2023-06-08T08:02:57+00:00","dateModified":"2025-05-07T13:07:20+00:00","breadcrumb":{"@id":"https:\/\/www.respace.it\/it\/shop\/letti-letti-contenitore\/hurricane\/#breadcrumb"},"inLanguage":"it-IT","potentialAction":[{"@type":"ReadAction","target":["https:\/\/www.respace.it\/it\/shop\/letti-letti-contenitore\/hurricane\/"]}]},{"@type":"ImageObject","inLanguage":"it-IT","@id":"https:\/\/www.respace.it\/it\/shop\/letti-letti-contenitore\/hurricane\/#primaryimage","url":"https:\/\/www.respace.it\/wp-content\/uploads\/2023\/06\/Hurricane-1000x1000px.jpg","contentUrl":"https:\/\/www.respace.it\/wp-content\/uploads\/2023\/06\/Hurricane-1000x1000px.jpg","width":1000,"height":1000},{"@type":"BreadcrumbList","@id":"https:\/\/www.respace.it\/it\/shop\/letti-letti-contenitore\/hurricane\/#breadcrumb","itemListElement":[{"@type":"ListItem","position":1,"name":"Home","item":"https:\/\/www.respace.it\/it\/"},{"@type":"ListItem","position":2,"name":"Negozio","item":"https:\/\/www.respace.it\/it\/negozio\/"},{"@type":"ListItem","position":3,"name":"Hurricane"}]},{"@type":"WebSite","@id":"https:\/\/www.respace.it\/#website","url":"https:\/\/www.respace.it\/","name":"REspace","description":"L\u2019innovazione del componibile","publisher":{"@id":"https:\/\/www.respace.it\/#organization"},"potentialAction":[{"@type":"SearchAction","target":{"@type":"EntryPoint","urlTemplate":"https:\/\/www.respace.it\/?s={search_term_string}"},"query-input":"required name=search_term_string"}],"inLanguage":"it-IT"},{"@type":"Organization","@id":"https:\/\/www.respace.it\/#organization","name":"REspace","url":"https:\/\/www.respace.it\/","logo":{"@type":"ImageObject","inLanguage":"it-IT","@id":"https:\/\/www.respace.it\/#\/schema\/logo\/image\/","url":"https:\/\/www.respace.it\/wp-content\/uploads\/2015\/05\/cropped-REspace_LOGO.png","contentUrl":"https:\/\/www.respace.it\/wp-content\/uploads\/2015\/05\/cropped-REspace_LOGO.png","width":766,"height":185,"caption":"REspace"},"image":{"@id":"https:\/\/www.respace.it\/#\/schema\/logo\/image\/"}}]}},"_links":{"self":[{"href":"https:\/\/www.respace.it\/it\/wp-json\/wp\/v2\/product\/5315"}],"collection":[{"href":"https:\/\/www.respace.it\/it\/wp-json\/wp\/v2\/product"}],"about":[{"href":"https:\/\/www.respace.it\/it\/wp-json\/wp\/v2\/types\/product"}],"wp:featuredmedia":[{"embeddable":true,"href":"https:\/\/www.respace.it\/it\/wp-json\/wp\/v2\/media\/5948"}],"wp:attachment":[{"href":"https:\/\/www.respace.it\/it\/wp-json\/wp\/v2\/media?parent=5315"}],"wp:term":[{"taxonomy":"product_cat","embeddable":true,"href":"https:\/\/www.respace.it\/it\/wp-json\/wp\/v2\/product_cat?post=5315"},{"taxonomy":"product_tag","embeddable":true,"href":"https:\/\/www.respace.it\/it\/wp-json\/wp\/v2\/product_tag?post=5315"}],"curies":[{"name":"wp","href":"https:\/\/api.w.org\/{rel}","templated":true}]}}