{"id":4644,"date":"2021-12-15T19:20:01","date_gmt":"2021-12-15T18:20:01","guid":{"rendered":"http:\/\/www.respace.it\/?post_type=product&#038;p=4644"},"modified":"2024-10-02T18:06:17","modified_gmt":"2024-10-02T16:06:17","slug":"regodue-4","status":"publish","type":"product","link":"https:\/\/www.respace.it\/it\/shop\/letti-letti-contenitore\/regodue-4\/","title":{"rendered":"Regodue"},"content":{"rendered":"<h3>REGODUE<\/h3>\n<p style=\"text-align: justify;\">Regodue, forme squadrate per un letto importante, testata alzabile di 15 cm con un maggior comfort di appoggio, per poter poi tornare in una posizione che rende il letto esteticamente pi\u00f9 moderno.<\/p>\n<p style=\"text-align: justify;\">Fodera completamente removibile.<\/p>\n<p style=\"text-align: justify;\">Realizzabile con e senza contenitore con reti da cm 180\u00d7200, 160\u00d7195, 140\u00d7195, 120\u00d7195 e 80\u00d7195. Struttura del letto e fondi del contenitore in bilaminato spessore 18 mm con finitura color tortora. Rete con telaio rettangolare mm. 40\u00d730 ad alto resistenziale \u2013 verniciatura con polveri epossipoliestere cotte a 180\u00b0 \u2013 traverso centrale di rinforzo, 13 doghe (26 nella matrimoniale) spessore mm. 8 multistrato sagomato a caldo in faggio infilate in appositi alloggiamenti con plastiche di fissaggio.<\/p>\n<p>&nbsp;<\/p>\n<p><a href=\"https:\/\/www.respace.it\/wp-content\/uploads\/2024\/10\/REGODUE-letto-v024.pdf\" target=\"_blank\" rel=\"noopener\">DOWNLOAD INFORMAZIONI TECNICHE (PDF)<\/a><\/p>\n","protected":false},"excerpt":{"rendered":"<p>REGODUE Regodue, forme squadrate per un letto importante, testata alzabile di 15 cm con un maggior comfort di appoggio, per poter poi tornare in una posizione che rende il letto esteticamente pi\u00f9 moderno. Fodera completamente removibile. Realizzabile con e senza contenitore con reti da cm 180\u00d7200, 160\u00d7195, 140\u00d7195, 120\u00d7195 e 80\u00d7195. Struttura del letto e [&hellip;]<\/p>\n","protected":false},"featured_media":5972,"template":"","meta":{"_joinchat":[]},"product_cat":[64],"product_tag":[],"yoast_head":"<!-- This site is optimized with the Yoast SEO plugin v23.0 - https:\/\/yoast.com\/wordpress\/plugins\/seo\/ -->\n<title>Regodue - Respace<\/title>\n<meta name=\"robots\" content=\"index, follow, max-snippet:-1, max-image-preview:large, max-video-preview:-1\" \/>\n<link rel=\"canonical\" href=\"https:\/\/www.respace.it\/it\/shop\/letti-letti-contenitore\/regodue-4\/\" \/>\n<meta property=\"og:locale\" content=\"it_IT\" \/>\n<meta property=\"og:type\" content=\"article\" \/>\n<meta property=\"og:title\" content=\"Regodue - Respace\" \/>\n<meta property=\"og:description\" content=\"REGODUE Regodue, forme squadrate per un letto importante, testata alzabile di 15 cm con un maggior comfort di appoggio, per poter poi tornare in una posizione che rende il letto esteticamente pi\u00f9 moderno. Fodera completamente removibile. Realizzabile con e senza contenitore con reti da cm 180\u00d7200, 160\u00d7195, 140\u00d7195, 120\u00d7195 e 80\u00d7195. Struttura del letto e [&hellip;]\" \/>\n<meta property=\"og:url\" content=\"https:\/\/www.respace.it\/it\/shop\/letti-letti-contenitore\/regodue-4\/\" \/>\n<meta property=\"og:site_name\" content=\"Respace\" \/>\n<meta property=\"article:modified_time\" content=\"2024-10-02T16:06:17+00:00\" \/>\n<meta property=\"og:image\" content=\"https:\/\/www.respace.it\/wp-content\/uploads\/2021\/12\/RegodueL-1000x1000px.jpg\" \/>\n\t<meta property=\"og:image:width\" content=\"1000\" \/>\n\t<meta property=\"og:image:height\" content=\"1000\" \/>\n\t<meta property=\"og:image:type\" content=\"image\/jpeg\" \/>\n<meta name=\"twitter:card\" content=\"summary_large_image\" \/>\n<meta name=\"twitter:label1\" content=\"Tempo di lettura stimato\" \/>\n\t<meta name=\"twitter:data1\" content=\"1 minuto\" \/>\n<script type=\"application\/ld+json\" class=\"yoast-schema-graph\">{\"@context\":\"https:\/\/schema.org\",\"@graph\":[{\"@type\":\"WebPage\",\"@id\":\"https:\/\/www.respace.it\/it\/shop\/letti-letti-contenitore\/regodue-4\/\",\"url\":\"https:\/\/www.respace.it\/it\/shop\/letti-letti-contenitore\/regodue-4\/\",\"name\":\"Regodue - Respace\",\"isPartOf\":{\"@id\":\"https:\/\/www.respace.it\/#website\"},\"primaryImageOfPage\":{\"@id\":\"https:\/\/www.respace.it\/it\/shop\/letti-letti-contenitore\/regodue-4\/#primaryimage\"},\"image\":{\"@id\":\"https:\/\/www.respace.it\/it\/shop\/letti-letti-contenitore\/regodue-4\/#primaryimage\"},\"thumbnailUrl\":\"https:\/\/www.respace.it\/wp-content\/uploads\/2021\/12\/RegodueL-1000x1000px.jpg\",\"datePublished\":\"2021-12-15T18:20:01+00:00\",\"dateModified\":\"2024-10-02T16:06:17+00:00\",\"breadcrumb\":{\"@id\":\"https:\/\/www.respace.it\/it\/shop\/letti-letti-contenitore\/regodue-4\/#breadcrumb\"},\"inLanguage\":\"it-IT\",\"potentialAction\":[{\"@type\":\"ReadAction\",\"target\":[\"https:\/\/www.respace.it\/it\/shop\/letti-letti-contenitore\/regodue-4\/\"]}]},{\"@type\":\"ImageObject\",\"inLanguage\":\"it-IT\",\"@id\":\"https:\/\/www.respace.it\/it\/shop\/letti-letti-contenitore\/regodue-4\/#primaryimage\",\"url\":\"https:\/\/www.respace.it\/wp-content\/uploads\/2021\/12\/RegodueL-1000x1000px.jpg\",\"contentUrl\":\"https:\/\/www.respace.it\/wp-content\/uploads\/2021\/12\/RegodueL-1000x1000px.jpg\",\"width\":1000,\"height\":1000},{\"@type\":\"BreadcrumbList\",\"@id\":\"https:\/\/www.respace.it\/it\/shop\/letti-letti-contenitore\/regodue-4\/#breadcrumb\",\"itemListElement\":[{\"@type\":\"ListItem\",\"position\":1,\"name\":\"Home\",\"item\":\"https:\/\/www.respace.it\/it\/\"},{\"@type\":\"ListItem\",\"position\":2,\"name\":\"Negozio\",\"item\":\"https:\/\/www.respace.it\/it\/negozio\/\"},{\"@type\":\"ListItem\",\"position\":3,\"name\":\"Regodue\"}]},{\"@type\":\"WebSite\",\"@id\":\"https:\/\/www.respace.it\/#website\",\"url\":\"https:\/\/www.respace.it\/\",\"name\":\"REspace\",\"description\":\"L\u2019innovazione del componibile\",\"publisher\":{\"@id\":\"https:\/\/www.respace.it\/#organization\"},\"potentialAction\":[{\"@type\":\"SearchAction\",\"target\":{\"@type\":\"EntryPoint\",\"urlTemplate\":\"https:\/\/www.respace.it\/?s={search_term_string}\"},\"query-input\":\"required name=search_term_string\"}],\"inLanguage\":\"it-IT\"},{\"@type\":\"Organization\",\"@id\":\"https:\/\/www.respace.it\/#organization\",\"name\":\"REspace\",\"url\":\"https:\/\/www.respace.it\/\",\"logo\":{\"@type\":\"ImageObject\",\"inLanguage\":\"it-IT\",\"@id\":\"https:\/\/www.respace.it\/#\/schema\/logo\/image\/\",\"url\":\"https:\/\/www.respace.it\/wp-content\/uploads\/2015\/05\/cropped-REspace_LOGO.png\",\"contentUrl\":\"https:\/\/www.respace.it\/wp-content\/uploads\/2015\/05\/cropped-REspace_LOGO.png\",\"width\":766,\"height\":185,\"caption\":\"REspace\"},\"image\":{\"@id\":\"https:\/\/www.respace.it\/#\/schema\/logo\/image\/\"}}]}<\/script>\n<!-- \/ Yoast SEO plugin. -->","yoast_head_json":{"title":"Regodue - Respace","robots":{"index":"index","follow":"follow","max-snippet":"max-snippet:-1","max-image-preview":"max-image-preview:large","max-video-preview":"max-video-preview:-1"},"canonical":"https:\/\/www.respace.it\/it\/shop\/letti-letti-contenitore\/regodue-4\/","og_locale":"it_IT","og_type":"article","og_title":"Regodue - Respace","og_description":"REGODUE Regodue, forme squadrate per un letto importante, testata alzabile di 15 cm con un maggior comfort di appoggio, per poter poi tornare in una posizione che rende il letto esteticamente pi\u00f9 moderno. Fodera completamente removibile. Realizzabile con e senza contenitore con reti da cm 180\u00d7200, 160\u00d7195, 140\u00d7195, 120\u00d7195 e 80\u00d7195. Struttura del letto e [&hellip;]","og_url":"https:\/\/www.respace.it\/it\/shop\/letti-letti-contenitore\/regodue-4\/","og_site_name":"Respace","article_modified_time":"2024-10-02T16:06:17+00:00","og_image":[{"width":1000,"height":1000,"url":"https:\/\/www.respace.it\/wp-content\/uploads\/2021\/12\/RegodueL-1000x1000px.jpg","type":"image\/jpeg"}],"twitter_card":"summary_large_image","twitter_misc":{"Tempo di lettura stimato":"1 minuto"},"schema":{"@context":"https:\/\/schema.org","@graph":[{"@type":"WebPage","@id":"https:\/\/www.respace.it\/it\/shop\/letti-letti-contenitore\/regodue-4\/","url":"https:\/\/www.respace.it\/it\/shop\/letti-letti-contenitore\/regodue-4\/","name":"Regodue - Respace","isPartOf":{"@id":"https:\/\/www.respace.it\/#website"},"primaryImageOfPage":{"@id":"https:\/\/www.respace.it\/it\/shop\/letti-letti-contenitore\/regodue-4\/#primaryimage"},"image":{"@id":"https:\/\/www.respace.it\/it\/shop\/letti-letti-contenitore\/regodue-4\/#primaryimage"},"thumbnailUrl":"https:\/\/www.respace.it\/wp-content\/uploads\/2021\/12\/RegodueL-1000x1000px.jpg","datePublished":"2021-12-15T18:20:01+00:00","dateModified":"2024-10-02T16:06:17+00:00","breadcrumb":{"@id":"https:\/\/www.respace.it\/it\/shop\/letti-letti-contenitore\/regodue-4\/#breadcrumb"},"inLanguage":"it-IT","potentialAction":[{"@type":"ReadAction","target":["https:\/\/www.respace.it\/it\/shop\/letti-letti-contenitore\/regodue-4\/"]}]},{"@type":"ImageObject","inLanguage":"it-IT","@id":"https:\/\/www.respace.it\/it\/shop\/letti-letti-contenitore\/regodue-4\/#primaryimage","url":"https:\/\/www.respace.it\/wp-content\/uploads\/2021\/12\/RegodueL-1000x1000px.jpg","contentUrl":"https:\/\/www.respace.it\/wp-content\/uploads\/2021\/12\/RegodueL-1000x1000px.jpg","width":1000,"height":1000},{"@type":"BreadcrumbList","@id":"https:\/\/www.respace.it\/it\/shop\/letti-letti-contenitore\/regodue-4\/#breadcrumb","itemListElement":[{"@type":"ListItem","position":1,"name":"Home","item":"https:\/\/www.respace.it\/it\/"},{"@type":"ListItem","position":2,"name":"Negozio","item":"https:\/\/www.respace.it\/it\/negozio\/"},{"@type":"ListItem","position":3,"name":"Regodue"}]},{"@type":"WebSite","@id":"https:\/\/www.respace.it\/#website","url":"https:\/\/www.respace.it\/","name":"REspace","description":"L\u2019innovazione del componibile","publisher":{"@id":"https:\/\/www.respace.it\/#organization"},"potentialAction":[{"@type":"SearchAction","target":{"@type":"EntryPoint","urlTemplate":"https:\/\/www.respace.it\/?s={search_term_string}"},"query-input":"required name=search_term_string"}],"inLanguage":"it-IT"},{"@type":"Organization","@id":"https:\/\/www.respace.it\/#organization","name":"REspace","url":"https:\/\/www.respace.it\/","logo":{"@type":"ImageObject","inLanguage":"it-IT","@id":"https:\/\/www.respace.it\/#\/schema\/logo\/image\/","url":"https:\/\/www.respace.it\/wp-content\/uploads\/2015\/05\/cropped-REspace_LOGO.png","contentUrl":"https:\/\/www.respace.it\/wp-content\/uploads\/2015\/05\/cropped-REspace_LOGO.png","width":766,"height":185,"caption":"REspace"},"image":{"@id":"https:\/\/www.respace.it\/#\/schema\/logo\/image\/"}}]}},"_links":{"self":[{"href":"https:\/\/www.respace.it\/it\/wp-json\/wp\/v2\/product\/4644"}],"collection":[{"href":"https:\/\/www.respace.it\/it\/wp-json\/wp\/v2\/product"}],"about":[{"href":"https:\/\/www.respace.it\/it\/wp-json\/wp\/v2\/types\/product"}],"wp:featuredmedia":[{"embeddable":true,"href":"https:\/\/www.respace.it\/it\/wp-json\/wp\/v2\/media\/5972"}],"wp:attachment":[{"href":"https:\/\/www.respace.it\/it\/wp-json\/wp\/v2\/media?parent=4644"}],"wp:term":[{"taxonomy":"product_cat","embeddable":true,"href":"https:\/\/www.respace.it\/it\/wp-json\/wp\/v2\/product_cat?post=4644"},{"taxonomy":"product_tag","embeddable":true,"href":"https:\/\/www.respace.it\/it\/wp-json\/wp\/v2\/product_tag?post=4644"}],"curies":[{"name":"wp","href":"https:\/\/api.w.org\/{rel}","templated":true}]}}